{"id":1387,"date":"2023-06-15T21:48:33","date_gmt":"2023-06-15T19:48:33","guid":{"rendered":"https:\/\/phcinema.hu\/?page_id=1387"},"modified":"2023-12-09T23:03:32","modified_gmt":"2023-12-09T22:03:32","slug":"about","status":"publish","type":"page","link":"https:\/\/phcinema.hu\/en\/about\/","title":{"rendered":"About"},"content":{"rendered":"<div data-elementor-type=\"wp-post\" data-elementor-id=\"1387\" class=\"elementor elementor-1387\">\n\t\t\t\t\t\t<section class=\"elementor-section elementor-top-section elementor-element elementor-element-3906703 elementor-section-content-middle elementor-section-boxed elementor-section-height-default elementor-section-height-default\" data-id=\"3906703\" data-element_type=\"section\" data-settings=\"{&quot;background_background&quot;:&quot;gradient&quot;}\">\n\t\t\t\t\t\t\t<div class=\"elementor-background-overlay\"><\/div>\n\t\t\t\t\t\t\t<div class=\"elementor-container elementor-column-gap-default\">\n\t\t\t\t\t<div class=\"elementor-column elementor-col-100 elementor-top-column elementor-element elementor-element-24c9f1f\" data-id=\"24c9f1f\" data-element_type=\"column\">\n\t\t\t<div class=\"elementor-widget-wrap elementor-element-populated\">\n\t\t\t\t\t\t<div class=\"elementor-element elementor-element-a5e247a elementor-widget elementor-widget-heading\" data-id=\"a5e247a\" data-element_type=\"widget\" data-widget_type=\"heading.default\">\n\t\t\t\t<div class=\"elementor-widget-container\">\n\t\t\t\t\t<h1 class=\"elementor-heading-title elementor-size-default\">About<\/h1>\t\t\t\t<\/div>\n\t\t\t\t<\/div>\n\t\t\t\t\t<\/div>\n\t\t<\/div>\n\t\t\t\t\t<\/div>\n\t\t<\/section>\n\t\t\t\t<section class=\"elementor-section elementor-top-section elementor-element elementor-element-34cbd81 elementor-section-boxed elementor-section-height-default elementor-section-height-default\" data-id=\"34cbd81\" data-element_type=\"section\" data-settings=\"{&quot;background_background&quot;:&quot;classic&quot;}\">\n\t\t\t\t\t\t<div class=\"elementor-container elementor-column-gap-default\">\n\t\t\t\t\t<div class=\"elementor-column elementor-col-50 elementor-top-column elementor-element elementor-element-0ebcaa7\" data-id=\"0ebcaa7\" data-element_type=\"column\">\n\t\t\t<div class=\"elementor-widget-wrap elementor-element-populated\">\n\t\t\t\t\t\t<div class=\"elementor-element elementor-element-3edf0fe elementor-widget-tablet__width-initial elementor-widget elementor-widget-image\" data-id=\"3edf0fe\" data-element_type=\"widget\" data-widget_type=\"image.default\">\n\t\t\t\t<div class=\"elementor-widget-container\">\n\t\t\t\t\t\t\t\t\t\t\t\t\t\t\t<img fetchpriority=\"high\" decoding=\"async\" width=\"681\" height=\"1024\" src=\"https:\/\/phcinema.hu\/wp-content\/uploads\/2023\/12\/Z6N_2510_LR-681x1024.jpg\" class=\"attachment-large size-large wp-image-1655\" alt=\"\" srcset=\"https:\/\/phcinema.hu\/wp-content\/uploads\/2023\/12\/Z6N_2510_LR-681x1024.jpg 681w, https:\/\/phcinema.hu\/wp-content\/uploads\/2023\/12\/Z6N_2510_LR-200x300.jpg 200w, https:\/\/phcinema.hu\/wp-content\/uploads\/2023\/12\/Z6N_2510_LR-768x1154.jpg 768w, https:\/\/phcinema.hu\/wp-content\/uploads\/2023\/12\/Z6N_2510_LR-1022x1536.jpg 1022w, https:\/\/phcinema.hu\/wp-content\/uploads\/2023\/12\/Z6N_2510_LR-1363x2048.jpg 1363w, https:\/\/phcinema.hu\/wp-content\/uploads\/2023\/12\/Z6N_2510_LR-8x12.jpg 8w, https:\/\/phcinema.hu\/wp-content\/uploads\/2023\/12\/Z6N_2510_LR-scaled.jpg 1703w\" sizes=\"(max-width: 681px) 100vw, 681px\" \/>\t\t\t\t\t\t\t\t\t\t\t\t\t\t\t<\/div>\n\t\t\t\t<\/div>\n\t\t\t\t\t<\/div>\n\t\t<\/div>\n\t\t\t\t<div class=\"elementor-column elementor-col-50 elementor-top-column elementor-element elementor-element-a03bdde\" data-id=\"a03bdde\" data-element_type=\"column\">\n\t\t\t<div class=\"elementor-widget-wrap elementor-element-populated\">\n\t\t\t\t\t\t<div class=\"elementor-element elementor-element-fe94d26 elementor-widget-tablet__width-initial elementor-widget elementor-widget-text-editor\" data-id=\"fe94d26\" data-element_type=\"widget\" data-widget_type=\"text-editor.default\">\n\t\t\t\t<div class=\"elementor-widget-container\">\n\t\t\t\t\t\t\t\t\t<p><span style=\"font-style: inherit; font-weight: inherit;\">We are a Budapest based media production business, offering filmic solutions Europe-wide.<\/span><\/p><p><span style=\"font-style: inherit; font-weight: inherit;\">\u00a0<\/span><\/p><p><span style=\"font-style: inherit; font-weight: inherit;\">Our journey started in 2016. We jumped in to learn about the broadcast world with basic gear but abundant enthusiasm. We only had 2 camcorder style cameras, but even then we felt unsatisfied with them. We wanted to create better, prettier and more professional content.<\/span><\/p><p>\u00a0<\/p><p>As the years gone by, we tried all sorts of combinations of cameras, tripods and workflows only to reach the conclusion to drift away from industry standards and start a full on cinema centered business for live streaming, event\/concert recordings and weddings. We believe that the filmic approach is not only the luxury of motion picture films, but it has a place in our daily lives, regardless of the event. We aim to bring our own style to the industry using our imagery and storytelling and to create values that will be remembered as \"better than when it actually happened\".<\/p>\t\t\t\t\t\t\t\t<\/div>\n\t\t\t\t<\/div>\n\t\t\t\t\t<\/div>\n\t\t<\/div>\n\t\t\t\t\t<\/div>\n\t\t<\/section>\n\t\t\t\t<\/div>","protected":false},"excerpt":{"rendered":"<p>R\u00f3lunk Budapesti sz\u00e9khely\u0171, m\u00e9dia produkci\u00f3s v\u00e1llalkoz\u00e1s vagyunk, filmes megold\u00e1sokat k\u00edn\u00e1lva orsz\u00e1g- \u00e9s Eur\u00f3pa-szerte. \u00a0 Vide\u00f3s utunk 2016-ban kezd\u0151d\u00f6tt. Alap felszerelts\u00e9ggel, de ann\u00e1l t\u00f6bb lelkesed\u00e9ssel v\u00e1gtunk bele akkoriban m\u00e9g kiz\u00e1r\u00f3lag az \u00e9l\u0151 k\u00f6zvet\u00edt\u00e9s cs\u00ednj\u00e1t-b\u00ednj\u00e1t kitanulva. \u00d6sszesen kett\u0151, camcorder st\u00edlus\u00fa kamer\u00e1nk volt, de m\u00e1r akkoriban se voltunk vel\u00fck el\u00e9gedettek, jobbat, szebbet, profibbat akartunk alkotni. \u00a0 Ahogy teltek &hellip;<\/p>\n<p class=\"read-more\"> <a class=\"\" href=\"https:\/\/phcinema.hu\/en\/about\/\"> <span class=\"screen-reader-text\">About<\/span> Read More &raquo;<\/a><\/p>","protected":false},"author":1,"featured_media":0,"parent":0,"menu_order":0,"comment_status":"closed","ping_status":"closed","template":"","meta":{"site-sidebar-layout":"no-sidebar","site-content-layout":"page-builder","ast-site-content-layout":"","site-content-style":"default","site-sidebar-style":"default","ast-global-header-display":"","ast-banner-title-visibility":"","ast-main-header-display":"","ast-hfb-above-header-display":"","ast-hfb-below-header-display":"","ast-hfb-mobile-header-display":"","site-post-title":"disabled","ast-breadcrumbs-content":"","ast-featured-img":"disabled","footer-sml-layout":"","theme-transparent-header-meta":"enabled","adv-header-id-meta":"","stick-header-meta":"","header-above-stick-meta":"","header-main-stick-meta":"","header-below-stick-meta":"","astra-migrate-meta-layouts":"","ast-page-background-enabled":"default","ast-page-background-meta":{"desktop":{"background-color":"","background-image":"","background-repeat":"repeat","background-position":"center center","background-size":"auto","background-attachment":"scroll","background-type":"","background-media":"","overlay-type":"","overlay-color":"","overlay-gradient":""},"tablet":{"background-color":"","background-image":"","background-repeat":"repeat","background-position":"center center","background-size":"auto","background-attachment":"scroll","background-type":"","background-media":"","overlay-type":"","overlay-color":"","overlay-gradient":""},"mobile":{"background-color":"","background-image":"","background-repeat":"repeat","background-position":"center center","background-size":"auto","background-attachment":"scroll","background-type":"","background-media":"","overlay-type":"","overlay-color":"","overlay-gradient":""}},"ast-content-background-meta":{"desktop":{"background-color":"var(--ast-global-color-5)","background-image":"","background-repeat":"repeat","background-position":"center center","background-size":"auto","background-attachment":"scroll","background-type":"","background-media":"","overlay-type":"","overlay-color":"","overlay-gradient":""},"tablet":{"background-color":"var(--ast-global-color-5)","background-image":"","background-repeat":"repeat","background-position":"center center","background-size":"auto","background-attachment":"scroll","background-type":"","background-media":"","overlay-type":"","overlay-color":"","overlay-gradient":""},"mobile":{"background-color":"var(--ast-global-color-5)","background-image":"","background-repeat":"repeat","background-position":"center center","background-size":"auto","background-attachment":"scroll","background-type":"","background-media":"","overlay-type":"","overlay-color":"","overlay-gradient":""}},"footnotes":""},"class_list":["post-1387","page","type-page","status-publish","hentry"],"yoast_head":"<!-- This site is optimized with the Yoast SEO plugin v26.0 - https:\/\/yoast.com\/wordpress\/plugins\/seo\/ -->\n<title>About - PHCinema<\/title>\n<meta name=\"robots\" content=\"index, follow, max-snippet:-1, max-image-preview:large, max-video-preview:-1\" \/>\n<link rel=\"canonical\" href=\"https:\/\/phcinema.hu\/en\/about\/\" \/>\n<meta property=\"og:locale\" content=\"en_US\" \/>\n<meta property=\"og:type\" content=\"article\" \/>\n<meta property=\"og:title\" content=\"About - PHCinema\" \/>\n<meta property=\"og:description\" content=\"R\u00f3lunk Budapesti sz\u00e9khely\u0171, m\u00e9dia produkci\u00f3s v\u00e1llalkoz\u00e1s vagyunk, filmes megold\u00e1sokat k\u00edn\u00e1lva orsz\u00e1g- \u00e9s Eur\u00f3pa-szerte. \u00a0 Vide\u00f3s utunk 2016-ban kezd\u0151d\u00f6tt. Alap felszerelts\u00e9ggel, de ann\u00e1l t\u00f6bb lelkesed\u00e9ssel v\u00e1gtunk bele akkoriban m\u00e9g kiz\u00e1r\u00f3lag az \u00e9l\u0151 k\u00f6zvet\u00edt\u00e9s cs\u00ednj\u00e1t-b\u00ednj\u00e1t kitanulva. \u00d6sszesen kett\u0151, camcorder st\u00edlus\u00fa kamer\u00e1nk volt, de m\u00e1r akkoriban se voltunk vel\u00fck el\u00e9gedettek, jobbat, szebbet, profibbat akartunk alkotni. \u00a0 Ahogy teltek &hellip; About Read More &raquo;\" \/>\n<meta property=\"og:url\" content=\"https:\/\/phcinema.hu\/en\/about\/\" \/>\n<meta property=\"og:site_name\" content=\"PHCinema\" \/>\n<meta property=\"article:publisher\" content=\"https:\/\/www.facebook.com\/profile.php?id=100093866462671\" \/>\n<meta property=\"article:modified_time\" content=\"2023-12-09T22:03:32+00:00\" \/>\n<meta property=\"og:image\" content=\"http:\/\/phcinema.hu\/wp-content\/uploads\/2023\/12\/Z6N_2510_LR-681x1024.jpg\" \/>\n<meta name=\"twitter:card\" content=\"summary_large_image\" \/>\n<meta name=\"twitter:label1\" content=\"Est. reading time\" \/>\n\t<meta name=\"twitter:data1\" content=\"1 minute\" \/>\n<script type=\"application\/ld+json\" class=\"yoast-schema-graph\">{\"@context\":\"https:\/\/schema.org\",\"@graph\":[{\"@type\":\"WebPage\",\"@id\":\"https:\/\/phcinema.hu\/about\/\",\"url\":\"https:\/\/phcinema.hu\/about\/\",\"name\":\"About - PHCinema\",\"isPartOf\":{\"@id\":\"https:\/\/phcinema.hu\/#website\"},\"primaryImageOfPage\":{\"@id\":\"https:\/\/phcinema.hu\/about\/#primaryimage\"},\"image\":{\"@id\":\"https:\/\/phcinema.hu\/about\/#primaryimage\"},\"thumbnailUrl\":\"http:\/\/phcinema.hu\/wp-content\/uploads\/2023\/12\/Z6N_2510_LR-681x1024.jpg\",\"datePublished\":\"2023-06-15T19:48:33+00:00\",\"dateModified\":\"2023-12-09T22:03:32+00:00\",\"breadcrumb\":{\"@id\":\"https:\/\/phcinema.hu\/about\/#breadcrumb\"},\"inLanguage\":\"en-US\",\"potentialAction\":[{\"@type\":\"ReadAction\",\"target\":[\"https:\/\/phcinema.hu\/about\/\"]}]},{\"@type\":\"ImageObject\",\"inLanguage\":\"en-US\",\"@id\":\"https:\/\/phcinema.hu\/about\/#primaryimage\",\"url\":\"http:\/\/phcinema.hu\/wp-content\/uploads\/2023\/12\/Z6N_2510_LR-681x1024.jpg\",\"contentUrl\":\"http:\/\/phcinema.hu\/wp-content\/uploads\/2023\/12\/Z6N_2510_LR-681x1024.jpg\"},{\"@type\":\"BreadcrumbList\",\"@id\":\"https:\/\/phcinema.hu\/about\/#breadcrumb\",\"itemListElement\":[{\"@type\":\"ListItem\",\"position\":1,\"name\":\"Home\",\"item\":\"https:\/\/phcinema.hu\/\"},{\"@type\":\"ListItem\",\"position\":2,\"name\":\"About\"}]},{\"@type\":\"WebSite\",\"@id\":\"https:\/\/phcinema.hu\/#website\",\"url\":\"https:\/\/phcinema.hu\/\",\"name\":\"PHCinema\",\"description\":\"Cinema for everyone.\",\"publisher\":{\"@id\":\"https:\/\/phcinema.hu\/#organization\"},\"potentialAction\":[{\"@type\":\"SearchAction\",\"target\":{\"@type\":\"EntryPoint\",\"urlTemplate\":\"https:\/\/phcinema.hu\/?s={search_term_string}\"},\"query-input\":{\"@type\":\"PropertyValueSpecification\",\"valueRequired\":true,\"valueName\":\"search_term_string\"}}],\"inLanguage\":\"en-US\"},{\"@type\":\"Organization\",\"@id\":\"https:\/\/phcinema.hu\/#organization\",\"name\":\"PHCinema\",\"url\":\"https:\/\/phcinema.hu\/\",\"logo\":{\"@type\":\"ImageObject\",\"inLanguage\":\"en-US\",\"@id\":\"https:\/\/phcinema.hu\/#\/schema\/logo\/image\/\",\"url\":\"http:\/\/phcinema.hu\/wp-content\/uploads\/2023\/06\/PHCinema_logo_white_full.png\",\"contentUrl\":\"http:\/\/phcinema.hu\/wp-content\/uploads\/2023\/06\/PHCinema_logo_white_full.png\",\"width\":506,\"height\":807,\"caption\":\"PHCinema\"},\"image\":{\"@id\":\"https:\/\/phcinema.hu\/#\/schema\/logo\/image\/\"},\"sameAs\":[\"https:\/\/www.facebook.com\/profile.php?id=100093866462671\"]}]}<\/script>\n<!-- \/ Yoast SEO plugin. -->","yoast_head_json":{"title":"About - PHCinema","robots":{"index":"index","follow":"follow","max-snippet":"max-snippet:-1","max-image-preview":"max-image-preview:large","max-video-preview":"max-video-preview:-1"},"canonical":"https:\/\/phcinema.hu\/en\/about\/","og_locale":"en_US","og_type":"article","og_title":"About - PHCinema","og_description":"R\u00f3lunk Budapesti sz\u00e9khely\u0171, m\u00e9dia produkci\u00f3s v\u00e1llalkoz\u00e1s vagyunk, filmes megold\u00e1sokat k\u00edn\u00e1lva orsz\u00e1g- \u00e9s Eur\u00f3pa-szerte. \u00a0 Vide\u00f3s utunk 2016-ban kezd\u0151d\u00f6tt. Alap felszerelts\u00e9ggel, de ann\u00e1l t\u00f6bb lelkesed\u00e9ssel v\u00e1gtunk bele akkoriban m\u00e9g kiz\u00e1r\u00f3lag az \u00e9l\u0151 k\u00f6zvet\u00edt\u00e9s cs\u00ednj\u00e1t-b\u00ednj\u00e1t kitanulva. \u00d6sszesen kett\u0151, camcorder st\u00edlus\u00fa kamer\u00e1nk volt, de m\u00e1r akkoriban se voltunk vel\u00fck el\u00e9gedettek, jobbat, szebbet, profibbat akartunk alkotni. \u00a0 Ahogy teltek &hellip; About Read More &raquo;","og_url":"https:\/\/phcinema.hu\/en\/about\/","og_site_name":"PHCinema","article_publisher":"https:\/\/www.facebook.com\/profile.php?id=100093866462671","article_modified_time":"2023-12-09T22:03:32+00:00","og_image":[{"url":"http:\/\/phcinema.hu\/wp-content\/uploads\/2023\/12\/Z6N_2510_LR-681x1024.jpg","type":"","width":"","height":""}],"twitter_card":"summary_large_image","twitter_misc":{"Est. reading time":"1 minute"},"schema":{"@context":"https:\/\/schema.org","@graph":[{"@type":"WebPage","@id":"https:\/\/phcinema.hu\/about\/","url":"https:\/\/phcinema.hu\/about\/","name":"About - PHCinema","isPartOf":{"@id":"https:\/\/phcinema.hu\/#website"},"primaryImageOfPage":{"@id":"https:\/\/phcinema.hu\/about\/#primaryimage"},"image":{"@id":"https:\/\/phcinema.hu\/about\/#primaryimage"},"thumbnailUrl":"http:\/\/phcinema.hu\/wp-content\/uploads\/2023\/12\/Z6N_2510_LR-681x1024.jpg","datePublished":"2023-06-15T19:48:33+00:00","dateModified":"2023-12-09T22:03:32+00:00","breadcrumb":{"@id":"https:\/\/phcinema.hu\/about\/#breadcrumb"},"inLanguage":"en-US","potentialAction":[{"@type":"ReadAction","target":["https:\/\/phcinema.hu\/about\/"]}]},{"@type":"ImageObject","inLanguage":"en-US","@id":"https:\/\/phcinema.hu\/about\/#primaryimage","url":"http:\/\/phcinema.hu\/wp-content\/uploads\/2023\/12\/Z6N_2510_LR-681x1024.jpg","contentUrl":"http:\/\/phcinema.hu\/wp-content\/uploads\/2023\/12\/Z6N_2510_LR-681x1024.jpg"},{"@type":"BreadcrumbList","@id":"https:\/\/phcinema.hu\/about\/#breadcrumb","itemListElement":[{"@type":"ListItem","position":1,"name":"Home","item":"https:\/\/phcinema.hu\/"},{"@type":"ListItem","position":2,"name":"About"}]},{"@type":"WebSite","@id":"https:\/\/phcinema.hu\/#website","url":"https:\/\/phcinema.hu\/","name":"PHCinema","description":"Cinema for everyone.","publisher":{"@id":"https:\/\/phcinema.hu\/#organization"},"potentialAction":[{"@type":"SearchAction","target":{"@type":"EntryPoint","urlTemplate":"https:\/\/phcinema.hu\/?s={search_term_string}"},"query-input":{"@type":"PropertyValueSpecification","valueRequired":true,"valueName":"search_term_string"}}],"inLanguage":"en-US"},{"@type":"Organization","@id":"https:\/\/phcinema.hu\/#organization","name":"PHCinema","url":"https:\/\/phcinema.hu\/","logo":{"@type":"ImageObject","inLanguage":"en-US","@id":"https:\/\/phcinema.hu\/#\/schema\/logo\/image\/","url":"http:\/\/phcinema.hu\/wp-content\/uploads\/2023\/06\/PHCinema_logo_white_full.png","contentUrl":"http:\/\/phcinema.hu\/wp-content\/uploads\/2023\/06\/PHCinema_logo_white_full.png","width":506,"height":807,"caption":"PHCinema"},"image":{"@id":"https:\/\/phcinema.hu\/#\/schema\/logo\/image\/"},"sameAs":["https:\/\/www.facebook.com\/profile.php?id=100093866462671"]}]}},"_links":{"self":[{"href":"https:\/\/phcinema.hu\/en\/wp-json\/wp\/v2\/pages\/1387","targetHints":{"allow":["GET"]}}],"collection":[{"href":"https:\/\/phcinema.hu\/en\/wp-json\/wp\/v2\/pages"}],"about":[{"href":"https:\/\/phcinema.hu\/en\/wp-json\/wp\/v2\/types\/page"}],"author":[{"embeddable":true,"href":"https:\/\/phcinema.hu\/en\/wp-json\/wp\/v2\/users\/1"}],"replies":[{"embeddable":true,"href":"https:\/\/phcinema.hu\/en\/wp-json\/wp\/v2\/comments?post=1387"}],"version-history":[{"count":61,"href":"https:\/\/phcinema.hu\/en\/wp-json\/wp\/v2\/pages\/1387\/revisions"}],"predecessor-version":[{"id":1667,"href":"https:\/\/phcinema.hu\/en\/wp-json\/wp\/v2\/pages\/1387\/revisions\/1667"}],"wp:attachment":[{"href":"https:\/\/phcinema.hu\/en\/wp-json\/wp\/v2\/media?parent=1387"}],"curies":[{"name":"wp","href":"https:\/\/api.w.org\/{rel}","templated":true}]}}